{"id":18746,"date":"2024-01-30T10:00:24","date_gmt":"2024-01-30T10:00:24","guid":{"rendered":"https:\/\/1stdecor.com\/product\/tenere\/"},"modified":"2025-03-09T01:30:56","modified_gmt":"2025-03-09T01:30:56","slug":"tenere","status":"publish","type":"product","link":"https:\/\/1stdecor.com\/en\/product\/tenere\/","title":{"rendered":"T\u00c9N\u00c9R\u00c9"},"content":{"rendered":"<p style=\"text-align: left;\" align=\"right\">The T\u00e9n\u00e9r\u00e9 is a region in the south of the Sahara Desert, known as one of the driest deserts in the world. The dry, cracked desert soil is the inspiration for this shiny faux leather.<\/p>\n","protected":false},"excerpt":{"rendered":"<p style=\"text-align: left;\" align=\"right\">The T\u00e9n\u00e9r\u00e9 is a region in the south of the Sahara Desert, known as one of the driest deserts in the world. The desert soils are .<\/p>\n","protected":false},"featured_media":16983,"comment_status":"open","ping_status":"closed","template":"","meta":{"_acf_changed":false},"product_brand":[],"product_cat":[117],"product_tag":[120],"class_list":{"0":"post-18746","1":"product","2":"type-product","3":"status-publish","4":"has-post-thumbnail","6":"product_cat-wallpaper","7":"product_tag-arte","9":"first","10":"instock","11":"taxable","12":"shipping-taxable","13":"purchasable","14":"product-type-variable"},"acf":[],"_links":{"self":[{"href":"https:\/\/1stdecor.com\/en\/wp-json\/wp\/v2\/product\/18746","targetHints":{"allow":["GET"]}}],"collection":[{"href":"https:\/\/1stdecor.com\/en\/wp-json\/wp\/v2\/product"}],"about":[{"href":"https:\/\/1stdecor.com\/en\/wp-json\/wp\/v2\/types\/product"}],"replies":[{"embeddable":true,"href":"https:\/\/1stdecor.com\/en\/wp-json\/wp\/v2\/comments?post=18746"}],"wp:featuredmedia":[{"embeddable":true,"href":"https:\/\/1stdecor.com\/en\/wp-json\/wp\/v2\/media\/16983"}],"wp:attachment":[{"href":"https:\/\/1stdecor.com\/en\/wp-json\/wp\/v2\/media?parent=18746"}],"wp:term":[{"taxonomy":"product_brand","embeddable":true,"href":"https:\/\/1stdecor.com\/en\/wp-json\/wp\/v2\/product_brand?post=18746"},{"taxonomy":"product_cat","embeddable":true,"href":"https:\/\/1stdecor.com\/en\/wp-json\/wp\/v2\/product_cat?post=18746"},{"taxonomy":"product_tag","embeddable":true,"href":"https:\/\/1stdecor.com\/en\/wp-json\/wp\/v2\/product_tag?post=18746"}],"curies":[{"name":"wp","href":"https:\/\/api.w.org\/{rel}","templated":true}]}}